{"id":5,"date":"2011-06-12T12:05:38","date_gmt":"2011-06-12T12:05:38","guid":{"rendered":"\/?page_id=5"},"modified":"2012-01-12T19:27:46","modified_gmt":"2012-01-12T19:27:46","slug":"rastreo-satelital","status":"publish","type":"page","link":"https:\/\/www.acpglobal.cl\/ww2\/wcm\/rastreo-satelital\/","title":{"rendered":"Rastreo Satelital"},"content":{"rendered":"<p style=\"text-align: justify;\"><a href=\"\/ww2\/wcm\/wp-content\/uploads\/2011\/06\/asistencia.png\"><img loading=\"lazy\" decoding=\"async\" class=\"alignright size-full wp-image-65\" title=\"asistencia\" src=\"\/ww2\/wcm\/wp-content\/uploads\/2011\/06\/asistencia.png\" alt=\"\" width=\"300\" height=\"288\" \/><\/a>Nuestro servicio de Gesti\u00f3n de Flota (GPS) corresponde al monitoreo constante, en intervalos de tiempo definidos, de la ubicaci\u00f3n geogr\u00e1fica de su flota de veh\u00edculos.<\/p>\n<p style=\"text-align: justify;\"><strong>Monitoreo Inst\u00e1ntaneo<\/strong><br \/>\nEl monitoreo GPS en tiempo real de sus m\u00f3viles le proporcionar\u00e1 instant\u00e1neamente la informaci\u00f3n necesaria para la toma de decisiones log\u00edsticas y estrat\u00e9gicas de su negocio, optimizando as\u00ed sus tiempos de respuesta.<\/p>\n<p style=\"text-align: justify;\"><strong>Reportes Hist\u00f3ricos<\/strong><br \/>\nLos registros hist\u00f3ricos le permitir\u00e1n un mejor control de su flota, consultando las actividades realizadas por sus veh\u00edculos en fechas por usted seleccionadas, generando reportes en linea y reproduciendo el historial de recorrido bajo distintos enfoques.<\/p>\n<p style=\"text-align: justify;\"><strong>Alertas y Avisos<\/strong><br \/>\nReciba notificaciones autom\u00e1ticas de excesos de velocidad, detenciones prolongadas, apertura de puertas, activaci\u00f3n de bot\u00f3n de p\u00e1nico, entrada y salida de zonas de acci\u00f3n, entre otras.<\/p>\n<p style=\"text-align: justify;\">A trav\u00e9s de este sistema usted podr\u00e1 recibir informaci\u00f3n asociadas a sus flotas. Algunas variables a controlar:<\/p>\n<p style=\"text-align: justify;\">\u2022 Posici\u00f3n \u2022 Control de paradas<br \/>\n\u2022 Velocidad \u2022 Desv\u00edo de los recorridos asignados<br \/>\n\u2022 Fechas \u2022 Violaci\u00f3n de zonas restringidas<br \/>\n\u2022 Excesos de velocidad<\/p>\n<p style=\"text-align: justify;\">Usted podr\u00e1 ver en tiempo real la informaci\u00f3n que necesite.<\/p>\n<p style=\"text-align: justify;\">Con nuestro servicio usted ser\u00e1 capaz de: predecir, prevenir y corregir para aumentar su productividad y disminuir costos operativos. Le entregamos una poderosa herramienta para la toma de decisiones.<\/p>\n","protected":false},"excerpt":{"rendered":"<p>Nuestro servicio de Gesti\u00f3n de Flota (GPS) corresponde al monitoreo constante, en intervalos de tiempo definidos, de la ubicaci\u00f3n geogr\u00e1fica de su flota de veh\u00edculos. Monitoreo Inst\u00e1ntaneo El monitoreo GPS en tiempo real de sus m\u00f3viles le proporcionar\u00e1 instant\u00e1neamente la informaci\u00f3n necesaria para la toma de decisiones log\u00edsticas y estrat\u00e9gicas de su negocio, optimizando as\u00ed [&hellip;]<\/p>\n","protected":false},"author":1,"featured_media":0,"parent":0,"menu_order":1,"comment_status":"closed","ping_status":"closed","template":"","meta":{"om_disable_all_campaigns":false,"_monsterinsights_skip_tracking":false,"_monsterinsights_sitenote_active":false,"_monsterinsights_sitenote_note":"","_monsterinsights_sitenote_category":0,"_uf_show_specific_survey":0,"_uf_disable_surveys":false,"footnotes":""},"class_list":["post-5","page","type-page","status-publish","hentry"],"aioseo_notices":[],"_links":{"self":[{"href":"https:\/\/www.acpglobal.cl\/ww2\/wcm\/wp-json\/wp\/v2\/pages\/5","targetHints":{"allow":["GET"]}}],"collection":[{"href":"https:\/\/www.acpglobal.cl\/ww2\/wcm\/wp-json\/wp\/v2\/pages"}],"about":[{"href":"https:\/\/www.acpglobal.cl\/ww2\/wcm\/wp-json\/wp\/v2\/types\/page"}],"author":[{"embeddable":true,"href":"https:\/\/www.acpglobal.cl\/ww2\/wcm\/wp-json\/wp\/v2\/users\/1"}],"replies":[{"embeddable":true,"href":"https:\/\/www.acpglobal.cl\/ww2\/wcm\/wp-json\/wp\/v2\/comments?post=5"}],"version-history":[{"count":5,"href":"https:\/\/www.acpglobal.cl\/ww2\/wcm\/wp-json\/wp\/v2\/pages\/5\/revisions"}],"predecessor-version":[{"id":103,"href":"https:\/\/www.acpglobal.cl\/ww2\/wcm\/wp-json\/wp\/v2\/pages\/5\/revisions\/103"}],"wp:attachment":[{"href":"https:\/\/www.acpglobal.cl\/ww2\/wcm\/wp-json\/wp\/v2\/media?parent=5"}],"curies":[{"name":"wp","href":"https:\/\/api.w.org\/{rel}","templated":true}]}}