{"id":50,"date":"2012-01-10T17:56:52","date_gmt":"2012-01-10T17:56:52","guid":{"rendered":"\/?page_id=50"},"modified":"2012-01-10T20:08:56","modified_gmt":"2012-01-10T20:08:56","slug":"soluciones-para-empresas","status":"publish","type":"page","link":"https:\/\/www.acpglobal.cl\/ww2\/wcm\/rastreo-satelital\/soluciones-para-empresas\/","title":{"rendered":"Soluciones para Empresas"},"content":{"rendered":"<ul>\n<li><a  href=\"\/ww2\/wcm\/wp-content\/uploads\/2012\/01\/empresa-soluciones.png\" class=\"thickbox no_icon\" title=\"empresa-soluciones\"><img loading=\"lazy\" decoding=\"async\" class=\"alignright  wp-image-56\" title=\"empresa-soluciones\" src=\"\/ww2\/wcm\/wp-content\/uploads\/2012\/01\/empresa-soluciones.png\" alt=\"\" width=\"128\" height=\"147\" \/><\/a>Reducci\u00f3n comprobada de costos.<\/li>\n<li>Disciplina y responsabiliza al conductor\/trabajador.<\/li>\n<li>Detecta la falta de puntualidad y horarios.<\/li>\n<li>Confirma el trabajo realizado (d\u00eda\/hora y permanencia en el lugar de trabajo).<\/li>\n<li>Informa del aprovechamiento del tiempo \u00fatil tanto del trabajador como del veh\u00edculo.<\/li>\n<li>Ayuda en la distribuci\u00f3n del trabajo.<\/li>\n<li>Aumenta la productividad.<\/li>\n<li>Impide la utilizaci\u00f3n del veh\u00edculo fuera del horario de trabajo y en fines de semana.<\/li>\n<li>Reduce el consumo de combustible y costos de administraci\u00f3n.<\/li>\n<\/ul>\n","protected":false},"excerpt":{"rendered":"<p>Reducci\u00f3n comprobada de costos. Disciplina y responsabiliza al conductor\/trabajador. Detecta la falta de puntualidad y horarios. Confirma el trabajo realizado (d\u00eda\/hora y permanencia en el lugar de trabajo). Informa del aprovechamiento del tiempo \u00fatil tanto del trabajador como del veh\u00edculo. Ayuda en la distribuci\u00f3n del trabajo. Aumenta la productividad. Impide la utilizaci\u00f3n del veh\u00edculo fuera [&hellip;]<\/p>\n","protected":false},"author":1,"featured_media":0,"parent":5,"menu_order":0,"comment_status":"closed","ping_status":"closed","template":"","meta":{"footnotes":""},"class_list":["post-50","page","type-page","status-publish","hentry"],"aioseo_notices":[],"_links":{"self":[{"href":"https:\/\/www.acpglobal.cl\/ww2\/wcm\/wp-json\/wp\/v2\/pages\/50","targetHints":{"allow":["GET"]}}],"collection":[{"href":"https:\/\/www.acpglobal.cl\/ww2\/wcm\/wp-json\/wp\/v2\/pages"}],"about":[{"href":"https:\/\/www.acpglobal.cl\/ww2\/wcm\/wp-json\/wp\/v2\/types\/page"}],"author":[{"embeddable":true,"href":"https:\/\/www.acpglobal.cl\/ww2\/wcm\/wp-json\/wp\/v2\/users\/1"}],"replies":[{"embeddable":true,"href":"https:\/\/www.acpglobal.cl\/ww2\/wcm\/wp-json\/wp\/v2\/comments?post=50"}],"version-history":[{"count":5,"href":"https:\/\/www.acpglobal.cl\/ww2\/wcm\/wp-json\/wp\/v2\/pages\/50\/revisions"}],"predecessor-version":[{"id":54,"href":"https:\/\/www.acpglobal.cl\/ww2\/wcm\/wp-json\/wp\/v2\/pages\/50\/revisions\/54"}],"up":[{"embeddable":true,"href":"https:\/\/www.acpglobal.cl\/ww2\/wcm\/wp-json\/wp\/v2\/pages\/5"}],"wp:attachment":[{"href":"https:\/\/www.acpglobal.cl\/ww2\/wcm\/wp-json\/wp\/v2\/media?parent=50"}],"curies":[{"name":"wp","href":"https:\/\/api.w.org\/{rel}","templated":true}]}}