{"id":67,"date":"2012-01-10T19:49:17","date_gmt":"2012-01-10T19:49:17","guid":{"rendered":"http:\/\/www.acpglobal.cl\/?page_id=67"},"modified":"2012-01-12T19:28:26","modified_gmt":"2012-01-12T19:28:26","slug":"funcionalidades","status":"publish","type":"page","link":"https:\/\/www.acpglobal.cl\/ww2\/wcm\/rastreo-satelital\/funcionalidades\/","title":{"rendered":"Funcionalidades"},"content":{"rendered":"<p style=\"text-align: justify;\">El cliente tendr\u00e1 acceso a un informe de actividad diaria de los veh\u00edculos, en el que podr\u00e1 analizar:<\/p>\n<ul>\n<li style=\"text-align: justify;\">Ruta realizada, con indicaci\u00f3n del punto y hora de inicio y fin del recorrido.<\/li>\n<li style=\"text-align: justify;\">Puntos de parada, con indicaci\u00f3n de hora y tiempo de parada.<\/li>\n<li style=\"text-align: justify;\">Kil\u00f3metros recorridos en cada ruta.<\/li>\n<li style=\"text-align: justify;\">Velocidades del veh\u00edculo en l\u00ednea (permitiendo alertar inmediatamente al conductor sobre velocidad excesiva y consecuentemente evitar desgaste del veh\u00edculo y multas).<\/li>\n<li style=\"text-align: justify;\">Colocaci\u00f3n de iconos (puntos de inter\u00e9s) que el cliente podr\u00e1 crear e identificar, de un modo personalizado, para un an\u00e1lisis r\u00e1pido y pr\u00e1ctico de los puntos de parada de su veh\u00edculo.<\/li>\n<li style=\"text-align: justify;\">Aviso por velocidad excesiva a e-mail.<\/li>\n<li style=\"text-align: justify;\">Aviso por entrada\/salida de geocercas.<\/li>\n<\/ul>\n","protected":false},"excerpt":{"rendered":"<p>El cliente tendr\u00e1 acceso a un informe de actividad diaria de los veh\u00edculos, en el que podr\u00e1 analizar: Ruta realizada, con indicaci\u00f3n del punto y hora de inicio y fin del recorrido. Puntos de parada, con indicaci\u00f3n de hora y tiempo de parada. Kil\u00f3metros recorridos en cada ruta. Velocidades del veh\u00edculo en l\u00ednea (permitiendo alertar [&hellip;]<\/p>\n","protected":false},"author":1,"featured_media":0,"parent":5,"menu_order":0,"comment_status":"closed","ping_status":"closed","template":"","meta":{"om_disable_all_campaigns":false,"_monsterinsights_skip_tracking":false,"_monsterinsights_sitenote_active":false,"_monsterinsights_sitenote_note":"","_monsterinsights_sitenote_category":0,"_uf_show_specific_survey":0,"_uf_disable_surveys":false,"footnotes":""},"class_list":["post-67","page","type-page","status-publish","hentry"],"aioseo_notices":[],"_links":{"self":[{"href":"https:\/\/www.acpglobal.cl\/ww2\/wcm\/wp-json\/wp\/v2\/pages\/67","targetHints":{"allow":["GET"]}}],"collection":[{"href":"https:\/\/www.acpglobal.cl\/ww2\/wcm\/wp-json\/wp\/v2\/pages"}],"about":[{"href":"https:\/\/www.acpglobal.cl\/ww2\/wcm\/wp-json\/wp\/v2\/types\/page"}],"author":[{"embeddable":true,"href":"https:\/\/www.acpglobal.cl\/ww2\/wcm\/wp-json\/wp\/v2\/users\/1"}],"replies":[{"embeddable":true,"href":"https:\/\/www.acpglobal.cl\/ww2\/wcm\/wp-json\/wp\/v2\/comments?post=67"}],"version-history":[{"count":3,"href":"https:\/\/www.acpglobal.cl\/ww2\/wcm\/wp-json\/wp\/v2\/pages\/67\/revisions"}],"predecessor-version":[{"id":104,"href":"https:\/\/www.acpglobal.cl\/ww2\/wcm\/wp-json\/wp\/v2\/pages\/67\/revisions\/104"}],"up":[{"embeddable":true,"href":"https:\/\/www.acpglobal.cl\/ww2\/wcm\/wp-json\/wp\/v2\/pages\/5"}],"wp:attachment":[{"href":"https:\/\/www.acpglobal.cl\/ww2\/wcm\/wp-json\/wp\/v2\/media?parent=67"}],"curies":[{"name":"wp","href":"https:\/\/api.w.org\/{rel}","templated":true}]}}