{"id":74,"date":"2012-01-10T20:53:37","date_gmt":"2012-01-10T20:53:37","guid":{"rendered":"http:\/\/www.acpglobal.cl\/?page_id=74"},"modified":"2013-04-09T21:50:28","modified_gmt":"2013-04-09T21:50:28","slug":"cobertura-en-todo-chile","status":"publish","type":"page","link":"https:\/\/www.acpglobal.cl\/ww2\/wcm\/rastreo-satelital\/cobertura-en-todo-chile\/","title":{"rendered":"Cobertura en todo Chile"},"content":{"rendered":"<div id='gallery-1' class='gallery galleryid-74 gallery-columns-3 gallery-size-thumbnail'><figure class='gallery-item'>\n\t\t\t<div class='gallery-icon landscape'>\n\t\t\t\t<a  href=\"https:\/\/www.acpglobal.cl\/ww2\/wcm\/wp-content\/uploads\/2012\/01\/foto-1.jpg\" class=\"thickbox no_icon\" title=\"\"><img loading=\"lazy\" decoding=\"async\" width=\"150\" height=\"150\" src=\"https:\/\/www.acpglobal.cl\/ww2\/wcm\/wp-content\/uploads\/2012\/01\/foto-1-150x150.jpg\" class=\"attachment-thumbnail size-thumbnail\" alt=\"\" srcset=\"https:\/\/www.acpglobal.cl\/ww2\/wcm\/wp-content\/uploads\/2012\/01\/foto-1-150x150.jpg 150w, https:\/\/www.acpglobal.cl\/ww2\/wcm\/wp-content\/uploads\/2012\/01\/foto-1-100x100.jpg 100w\" sizes=\"auto, (max-width: 150px) 100vw, 150px\" \/><\/a>\n\t\t\t<\/div><\/figure><figure class='gallery-item'>\n\t\t\t<div class='gallery-icon landscape'>\n\t\t\t\t<a  href=\"https:\/\/www.acpglobal.cl\/ww2\/wcm\/wp-content\/uploads\/2012\/01\/foto-2.jpg\" class=\"thickbox no_icon\" title=\"\"><img loading=\"lazy\" decoding=\"async\" width=\"150\" height=\"150\" src=\"https:\/\/www.acpglobal.cl\/ww2\/wcm\/wp-content\/uploads\/2012\/01\/foto-2-150x150.jpg\" class=\"attachment-thumbnail size-thumbnail\" alt=\"\" srcset=\"https:\/\/www.acpglobal.cl\/ww2\/wcm\/wp-content\/uploads\/2012\/01\/foto-2-150x150.jpg 150w, https:\/\/www.acpglobal.cl\/ww2\/wcm\/wp-content\/uploads\/2012\/01\/foto-2-100x100.jpg 100w\" sizes=\"auto, (max-width: 150px) 100vw, 150px\" \/><\/a>\n\t\t\t<\/div><\/figure><figure class='gallery-item'>\n\t\t\t<div class='gallery-icon landscape'>\n\t\t\t\t<a  href=\"https:\/\/www.acpglobal.cl\/ww2\/wcm\/wp-content\/uploads\/2012\/01\/foto-3.jpg\" class=\"thickbox no_icon\" title=\"\"><img loading=\"lazy\" decoding=\"async\" width=\"150\" height=\"150\" src=\"https:\/\/www.acpglobal.cl\/ww2\/wcm\/wp-content\/uploads\/2012\/01\/foto-3-150x150.jpg\" class=\"attachment-thumbnail size-thumbnail\" alt=\"\" srcset=\"https:\/\/www.acpglobal.cl\/ww2\/wcm\/wp-content\/uploads\/2012\/01\/foto-3-150x150.jpg 150w, https:\/\/www.acpglobal.cl\/ww2\/wcm\/wp-content\/uploads\/2012\/01\/foto-3-100x100.jpg 100w\" sizes=\"auto, (max-width: 150px) 100vw, 150px\" \/><\/a>\n\t\t\t<\/div><\/figure><figure class='gallery-item'>\n\t\t\t<div class='gallery-icon landscape'>\n\t\t\t\t<a  href=\"https:\/\/www.acpglobal.cl\/ww2\/wcm\/wp-content\/uploads\/2012\/01\/foto-4.jpg\" class=\"thickbox no_icon\" title=\"\"><img loading=\"lazy\" decoding=\"async\" width=\"150\" height=\"150\" src=\"https:\/\/www.acpglobal.cl\/ww2\/wcm\/wp-content\/uploads\/2012\/01\/foto-4-150x150.jpg\" class=\"attachment-thumbnail size-thumbnail\" alt=\"\" srcset=\"https:\/\/www.acpglobal.cl\/ww2\/wcm\/wp-content\/uploads\/2012\/01\/foto-4-150x150.jpg 150w, https:\/\/www.acpglobal.cl\/ww2\/wcm\/wp-content\/uploads\/2012\/01\/foto-4-100x100.jpg 100w\" sizes=\"auto, (max-width: 150px) 100vw, 150px\" \/><\/a>\n\t\t\t<\/div><\/figure><figure class='gallery-item'>\n\t\t\t<div class='gallery-icon landscape'>\n\t\t\t\t<a  href=\"https:\/\/www.acpglobal.cl\/ww2\/wcm\/wp-content\/uploads\/2012\/01\/foto-5.jpg\" class=\"thickbox no_icon\" title=\"\"><img loading=\"lazy\" decoding=\"async\" width=\"150\" height=\"150\" src=\"https:\/\/www.acpglobal.cl\/ww2\/wcm\/wp-content\/uploads\/2012\/01\/foto-5-150x150.jpg\" class=\"attachment-thumbnail size-thumbnail\" alt=\"\" srcset=\"https:\/\/www.acpglobal.cl\/ww2\/wcm\/wp-content\/uploads\/2012\/01\/foto-5-150x150.jpg 150w, https:\/\/www.acpglobal.cl\/ww2\/wcm\/wp-content\/uploads\/2012\/01\/foto-5-100x100.jpg 100w\" sizes=\"auto, (max-width: 150px) 100vw, 150px\" \/><\/a>\n\t\t\t<\/div><\/figure><figure class='gallery-item'>\n\t\t\t<div class='gallery-icon landscape'>\n\t\t\t\t<a  href=\"https:\/\/www.acpglobal.cl\/ww2\/wcm\/wp-content\/uploads\/2012\/01\/foto-6.jpg\" class=\"thickbox no_icon\" title=\"\"><img loading=\"lazy\" decoding=\"async\" width=\"150\" height=\"150\" src=\"https:\/\/www.acpglobal.cl\/ww2\/wcm\/wp-content\/uploads\/2012\/01\/foto-6-150x150.jpg\" class=\"attachment-thumbnail size-thumbnail\" alt=\"\" srcset=\"https:\/\/www.acpglobal.cl\/ww2\/wcm\/wp-content\/uploads\/2012\/01\/foto-6-150x150.jpg 150w, https:\/\/www.acpglobal.cl\/ww2\/wcm\/wp-content\/uploads\/2012\/01\/foto-6-100x100.jpg 100w\" sizes=\"auto, (max-width: 150px) 100vw, 150px\" \/><\/a>\n\t\t\t<\/div><\/figure><figure class='gallery-item'>\n\t\t\t<div class='gallery-icon landscape'>\n\t\t\t\t<a  href=\"https:\/\/www.acpglobal.cl\/ww2\/wcm\/wp-content\/uploads\/2012\/01\/foto-7.jpg\" class=\"thickbox no_icon\" title=\"\"><img loading=\"lazy\" decoding=\"async\" width=\"150\" height=\"150\" src=\"https:\/\/www.acpglobal.cl\/ww2\/wcm\/wp-content\/uploads\/2012\/01\/foto-7-150x150.jpg\" class=\"attachment-thumbnail size-thumbnail\" alt=\"\" srcset=\"https:\/\/www.acpglobal.cl\/ww2\/wcm\/wp-content\/uploads\/2012\/01\/foto-7-150x150.jpg 150w, https:\/\/www.acpglobal.cl\/ww2\/wcm\/wp-content\/uploads\/2012\/01\/foto-7-100x100.jpg 100w\" sizes=\"auto, (max-width: 150px) 100vw, 150px\" \/><\/a>\n\t\t\t<\/div><\/figure>\n\t\t<\/div>\n\n<p style=\"text-align: justify;\">Gracias a nuestro monitoreo GPS, Chile se encuentra completamente cubierto. Nuestros clientes pueden realizar la visuaci\u00f3n de un mapa gps a trav\u00e9s de todos los navegadores de su computador obteni\u00e9ndo im\u00e1genes de satelite en tiempo real.<\/p>\n<p>\nAdem\u00e1s nuestros clientes pueden salir de Chile y siguen monitoreados gracias a planes de roaming de datos.<\/p>\n","protected":false},"excerpt":{"rendered":"<p>Gracias a nuestro monitoreo GPS, Chile se encuentra completamente cubierto. Nuestros clientes pueden realizar la visuaci\u00f3n de un mapa gps a trav\u00e9s de todos los navegadores de su computador obteni\u00e9ndo im\u00e1genes de satelite en tiempo real. Adem\u00e1s nuestros clientes pueden salir de Chile y siguen monitoreados gracias a planes de roaming de datos.<\/p>\n","protected":false},"author":1,"featured_media":0,"parent":5,"menu_order":0,"comment_status":"closed","ping_status":"closed","template":"","meta":{"footnotes":""},"class_list":["post-74","page","type-page","status-publish","hentry"],"aioseo_notices":[],"_links":{"self":[{"href":"https:\/\/www.acpglobal.cl\/ww2\/wcm\/wp-json\/wp\/v2\/pages\/74","targetHints":{"allow":["GET"]}}],"collection":[{"href":"https:\/\/www.acpglobal.cl\/ww2\/wcm\/wp-json\/wp\/v2\/pages"}],"about":[{"href":"https:\/\/www.acpglobal.cl\/ww2\/wcm\/wp-json\/wp\/v2\/types\/page"}],"author":[{"embeddable":true,"href":"https:\/\/www.acpglobal.cl\/ww2\/wcm\/wp-json\/wp\/v2\/users\/1"}],"replies":[{"embeddable":true,"href":"https:\/\/www.acpglobal.cl\/ww2\/wcm\/wp-json\/wp\/v2\/comments?post=74"}],"version-history":[{"count":9,"href":"https:\/\/www.acpglobal.cl\/ww2\/wcm\/wp-json\/wp\/v2\/pages\/74\/revisions"}],"predecessor-version":[{"id":83,"href":"https:\/\/www.acpglobal.cl\/ww2\/wcm\/wp-json\/wp\/v2\/pages\/74\/revisions\/83"}],"up":[{"embeddable":true,"href":"https:\/\/www.acpglobal.cl\/ww2\/wcm\/wp-json\/wp\/v2\/pages\/5"}],"wp:attachment":[{"href":"https:\/\/www.acpglobal.cl\/ww2\/wcm\/wp-json\/wp\/v2\/media?parent=74"}],"curies":[{"name":"wp","href":"https:\/\/api.w.org\/{rel}","templated":true}]}}